{"id":89651,"date":"2022-04-06T09:32:12","date_gmt":"2022-04-06T08:32:12","guid":{"rendered":"https:\/\/www.oring.hutchinson.fr\/?page_id=89651"},"modified":"2022-12-19T10:13:59","modified_gmt":"2022-12-19T09:13:59","slug":"hutchinson-o-rings-and-bonded-seals-2","status":"publish","type":"page","link":"https:\/\/www.oring.hutchinson.fr\/pt-br\/","title":{"rendered":"Especialista em solu\u00e7\u00f5es de selagem"},"content":{"rendered":"<div class=\"wpb-content-wrapper\"><p>[vc_row css=&#8221;.vc_custom_1560768105993{background-color: #ffffff !important;}&#8221;][vc_column][vc_column_text css=&#8221;.vc_custom_1583158282971{background-color: rgba(255,255,255,0.14) !important;*background-color: rgb(255,255,255) !important;border-radius: 15px !important;}&#8221;]A Divis\u00e3o O-Ring da Hutchinson, tamb\u00e9m conhecida sob as marcas Pamargan e Le Joint Fran\u00e7ais, projeta e fabrica solu\u00e7\u00f5es de veda\u00e7\u00e3o, tais como O-Rings, X-Rings, veda\u00e7\u00f5es bi-materiais, e \u00a0solu\u00e7\u00f5es sob medida para cada mercado industrial.[\/vc_column_text][\/vc_column][\/vc_row][vc_row full_width=&#8221;stretch_row&#8221; content_placement=&#8221;middle&#8221;][vc_column][vc_column_text]<\/p>\n<h2 class=\"h2titre\" style=\"text-align: center;\"><a href=\"https:\/\/www.oring.hutchinson.fr\/pt-br\/produtos\/\">Produtos<\/a><\/h2>\n<p>[\/vc_column_text][\/vc_column][\/vc_row][vc_row][vc_column width=&#8221;1\/4&#8243;][vc_single_image image=&#8221;11733&#8243; img_size=&#8221;full&#8221; onclick=&#8221;custom_link&#8221; link=&#8221;https:\/\/www.oring.hutchinson.fr\/en\/products\/o-rings\/&#8221;][vc_column_text]<a style=\"text-decoration: none;\" href=\"https:\/\/www.oring.hutchinson.fr\/en\/products\/o-rings\/\"><span style=\"font-family: arial, helvetica, sans-serif; font-size: 14pt; color: #475258;\">O-Rings<\/span><\/a>[\/vc_column_text][\/vc_column][vc_column width=&#8221;1\/4&#8243;][vc_single_image image=&#8221;11285&#8243; img_size=&#8221;full&#8221; onclick=&#8221;custom_link&#8221; link=&#8221;https:\/\/www.oring.hutchinson.fr\/en\/products\/jf4-sealing-rings\/&#8221;][vc_column_text]<a style=\"text-decoration: none;\" href=\"https:\/\/www.oring.hutchinson.fr\/nos-produits\/bagues-bs\/\"><span style=\"font-family: arial, helvetica, sans-serif; font-size: 14pt; color: #475258;\">X-Rings<\/span><\/a>[\/vc_column_text][\/vc_column][vc_column width=&#8221;1\/4&#8243;][vc_single_image image=&#8221;11296&#8243; img_size=&#8221;full&#8221; onclick=&#8221;custom_link&#8221; link=&#8221;https:\/\/www.oring.hutchinson.fr\/en\/products\/bonded-seals\/&#8221;][vc_column_text]<a style=\"text-decoration: none;\" href=\"https:\/\/www.oring.hutchinson.fr\/pt-br\/produtos\/selos-de-colagem\/\"><span style=\"font-family: arial, helvetica, sans-serif; font-size: 14pt; color: #475258;\">Selos de colagem <\/span><\/a>[\/vc_column_text][\/vc_column][vc_column width=&#8221;1\/4&#8243;][vc_single_image image=&#8221;11649&#8243; img_size=&#8221;full&#8221; onclick=&#8221;custom_link&#8221; link=&#8221;https:\/\/www.oring.hutchinson.fr\/en\/products\/pamargan-flange-seals\/&#8221;][vc_column_text]<a style=\"text-decoration: none;\" href=\"https:\/\/www.oring.hutchinson.fr\/en\/products\/pamargan-flange-seals\/\"><span style=\"font-family: arial, helvetica, sans-serif; font-size: 14pt; color: #475258;\">Selos de flange PFS<\/span><\/a>[\/vc_column_text][\/vc_column][\/vc_row][vc_row][vc_column][vc_empty_space][\/vc_column][\/vc_row][vc_row][vc_column width=&#8221;1\/4&#8243;][vc_single_image image=&#8221;11774&#8243; img_size=&#8221;300&#215;169&#8243; onclick=&#8221;custom_link&#8221; link=&#8221;https:\/\/www.oring.hutchinson.fr\/en\/products\/specific-developments\/&#8221;][vc_column_text]<a style=\"text-decoration: none;\" href=\"https:\/\/www.oring.hutchinson.fr\/pt-br\/produtos\/desenvolvimentos-especificos\/\"><span style=\"font-family: arial, helvetica, sans-serif; font-size: 14pt; color: #475258;\">Desenvolvimentos espec\u00edficos <\/span><\/a>[\/vc_column_text][\/vc_column][vc_column width=&#8221;1\/4&#8243;][vc_single_image image=&#8221;11825&#8243; img_size=&#8221;full&#8221; onclick=&#8221;custom_link&#8221; link=&#8221;https:\/\/www.oring.hutchinson.fr\/en\/products\/slsw\/&#8221;][vc_column_text]<a style=\"text-decoration: none;\" href=\"https:\/\/www.oring.hutchinson.fr\/en\/products\/slsw\/\"><span style=\"font-family: arial, helvetica, sans-serif; font-size: 14pt; color: #475258;\">Linha Slim<\/span><\/a>[\/vc_column_text][\/vc_column][vc_column width=&#8221;1\/4&#8243;][vc_single_image image=&#8221;92621&#8243; img_size=&#8221;300&#215;169&#8243; onclick=&#8221;custom_link&#8221; link=&#8221;https:\/\/www.oring.hutchinson.fr\/en\/products\/o-ringkits\/&#8221;][vc_column_text]<a style=\"text-decoration: none;\" href=\"https:\/\/www.oring.hutchinson.fr\/en\/products\/o-ringkits\/\"><span style=\"font-family: arial, helvetica, sans-serif; font-size: 14pt; color: #475258;\">Kits de O-Ring <\/span><\/a>[\/vc_column_text][\/vc_column][vc_column width=&#8221;1\/4&#8243;][\/vc_column][\/vc_row][vc_row][vc_column][vc_empty_space][\/vc_column][\/vc_row][vc_row full_width=&#8221;stretch_row&#8221;][vc_column][vc_column_text]<\/p>\n<h2 class=\"h2titre\" style=\"text-align: center;\"><a href=\"https:\/\/www.oring.hutchinson.fr\/pt-br\/mercados\/\">Mercados<\/a><\/h2>\n<p>[\/vc_column_text][\/vc_column][\/vc_row][vc_row][vc_column][vc_column_text]<\/p>\n<div class=\"container2\"><a href=\"https:\/\/www.oring.hutchinson.fr\/en\/markets\/food\/\"><img decoding=\"async\" class=\"test lazyload\" data-src=\"https:\/\/www.oring.hutchinson.fr\/wp-content\/uploads\/2020\/03\/food-en-svg-2.svg\" width=\"85\" height=\"99\" src=\"data:image\/svg+xml;base64,PHN2ZyB3aWR0aD0iMSIgaGVpZ2h0PSIxIiB4bWxucz0iaHR0cDovL3d3dy53My5vcmcvMjAwMC9zdmciPjwvc3ZnPg==\" style=\"--smush-placeholder-width: 85px; --smush-placeholder-aspect-ratio: 85\/99;\" \/><\/a>\u00a0 \u00a0 \u00a0 \u00a0 \u00a0 \u00a0<a href=\"https:\/\/www.oring.hutchinson.fr\/en\/markets\/automotive\/\"><img decoding=\"async\" class=\"test lazyload\" data-src=\"https:\/\/www.oring.hutchinson.fr\/wp-content\/uploads\/2020\/03\/automotive-svg-EN.svg\" alt=\"Smiley face\" width=\"85\" height=\"100\" src=\"data:image\/svg+xml;base64,PHN2ZyB3aWR0aD0iMSIgaGVpZ2h0PSIxIiB4bWxucz0iaHR0cDovL3d3dy53My5vcmcvMjAwMC9zdmciPjwvc3ZnPg==\" style=\"--smush-placeholder-width: 85px; --smush-placeholder-aspect-ratio: 85\/100;\" \/><\/a> \u00a0\u00a0 \u00a0\u00a0 \u00a0\u00a0 <a href=\"https:\/\/www.oring.hutchinson.fr\/en\/markets\/chauffage\/\"><img decoding=\"async\" class=\"test lazyload\" data-src=\"https:\/\/www.oring.hutchinson.fr\/wp-content\/uploads\/2020\/03\/heating-svg-en.svg\" alt=\"Smiley face\" width=\"85\" height=\"103\" src=\"data:image\/svg+xml;base64,PHN2ZyB3aWR0aD0iMSIgaGVpZ2h0PSIxIiB4bWxucz0iaHR0cDovL3d3dy53My5vcmcvMjAwMC9zdmciPjwvc3ZnPg==\" style=\"--smush-placeholder-width: 85px; --smush-placeholder-aspect-ratio: 85\/103;\" \/><\/a> \u00a0\u00a0 \u00a0\u00a0 \u00a0\u00a0 <a href=\"https:\/\/www.oring.hutchinson.fr\/nos-marches\/cosmetique\/\"><img decoding=\"async\" class=\"test lazyload\" data-src=\"https:\/\/www.oring.hutchinson.fr\/wp-content\/uploads\/2020\/03\/cosmetics-svg-en.svg\" alt=\"Smiley face\" width=\"85\" height=\"102\" src=\"data:image\/svg+xml;base64,PHN2ZyB3aWR0aD0iMSIgaGVpZ2h0PSIxIiB4bWxucz0iaHR0cDovL3d3dy53My5vcmcvMjAwMC9zdmciPjwvc3ZnPg==\" style=\"--smush-placeholder-width: 85px; --smush-placeholder-aspect-ratio: 85\/102;\" \/><\/a> \u00a0\u00a0 \u00a0\u00a0 \u00a0\u00a0 <a href=\"https:\/\/www.oring.hutchinson.fr\/pt-br\/mercados\/equipamentos-pesados\/\"><img decoding=\"async\" class=\"test alignnone lazyload\" data-src=\"https:\/\/www.oring.hutchinson.fr\/wp-content\/uploads\/2020\/03\/heavy-equip-fr3.svg\" alt=\"Smiley face\" width=\"73\" height=\"103\" src=\"data:image\/svg+xml;base64,PHN2ZyB3aWR0aD0iMSIgaGVpZ2h0PSIxIiB4bWxucz0iaHR0cDovL3d3dy53My5vcmcvMjAwMC9zdmciPjwvc3ZnPg==\" style=\"--smush-placeholder-width: 73px; --smush-placeholder-aspect-ratio: 73\/103;\" \/><\/a>\u00a0 \u00a0 \u00a0 \u00a0 \u00a0 \u00a0 <a href=\"https:\/\/www.oring.hutchinson.fr\/en\/markets\/oil-gas\/\"><img decoding=\"async\" class=\"test lazyload\" data-src=\"https:\/\/www.oring.hutchinson.fr\/wp-content\/uploads\/2020\/03\/oil-n-gas-svg-en.svg\" alt=\"Smiley face\" width=\"85\" height=\"106\" src=\"data:image\/svg+xml;base64,PHN2ZyB3aWR0aD0iMSIgaGVpZ2h0PSIxIiB4bWxucz0iaHR0cDovL3d3dy53My5vcmcvMjAwMC9zdmciPjwvc3ZnPg==\" style=\"--smush-placeholder-width: 85px; --smush-placeholder-aspect-ratio: 85\/106;\" \/><\/a> \u00a0\u00a0 \u00a0\u00a0 \u00a0\u00a0 \u00a0\u00a0<a href=\"https:\/\/www.oring.hutchinson.fr\/en\/markets\/pharmacy\/\"><img decoding=\"async\" class=\"test lazyload\" data-src=\"https:\/\/www.oring.hutchinson.fr\/wp-content\/uploads\/2020\/03\/pharam-svg-3.svg\" alt=\"Smiley face\" width=\"85\" height=\"99\" src=\"data:image\/svg+xml;base64,PHN2ZyB3aWR0aD0iMSIgaGVpZ2h0PSIxIiB4bWxucz0iaHR0cDovL3d3dy53My5vcmcvMjAwMC9zdmciPjwvc3ZnPg==\" style=\"--smush-placeholder-width: 85px; --smush-placeholder-aspect-ratio: 85\/99;\" \/><\/a>\u00a0 \u00a0 \u00a0 \u00a0 \u00a0 \u00a0<a href=\"https:\/\/www.oring.hutchinson.fr\/en\/markets\/trucks\/\"><img decoding=\"async\" class=\"test lazyload\" data-src=\"https:\/\/www.oring.hutchinson.fr\/wp-content\/uploads\/2020\/03\/trucks-svg-en.svg\" alt=\"Smiley face\" width=\"85\" height=\"103\" src=\"data:image\/svg+xml;base64,PHN2ZyB3aWR0aD0iMSIgaGVpZ2h0PSIxIiB4bWxucz0iaHR0cDovL3d3dy53My5vcmcvMjAwMC9zdmciPjwvc3ZnPg==\" style=\"--smush-placeholder-width: 85px; --smush-placeholder-aspect-ratio: 85\/103;\" \/><\/a><\/div>\n<p>[\/vc_column_text][vc_empty_space][\/vc_column][\/vc_row][vc_row full_width=&#8221;stretch_row&#8221; css=&#8221;.vc_custom_1560767825255{margin-top: 0px !important;}&#8221;][vc_column][vc_column_text]<\/p>\n<h2 class=\"h2titre\" style=\"text-align: center;\"><a href=\"https:\/\/www.oring.hutchinson.fr\/pt-br\/opcoes-de-produtos\/\">Op\u00e7oes<\/a><\/h2>\n<p>[\/vc_column_text][\/vc_column][\/vc_row][vc_row][vc_column width=&#8221;1\/4&#8243;][vc_single_image image=&#8221;13225&#8243; img_size=&#8221;300*169&#8243; onclick=&#8221;custom_link&#8221; link=&#8221;https:\/\/www.oring.hutchinson.fr\/en\/options-produits\/surfacetreatments\/&#8221;][vc_column_text css=&#8221;.vc_custom_1566999376543{margin-top: -12px !important;}&#8221;]<a style=\"text-decoration: none;\" href=\"https:\/\/www.oring.hutchinson.fr\/pt-br\/opcoes-de-produtos\/tratamentos-de-superficie\/\"><span style=\"font-family: arial, helvetica, sans-serif; font-size: 14pt; color: #475258;\">Cremes de Superf\u00edcie <\/span><\/a>[\/vc_column_text][\/vc_column][vc_column width=&#8221;1\/4&#8243;][vc_single_image image=&#8221;18433&#8243; img_size=&#8221;300*169&#8243; onclick=&#8221;custom_link&#8221; link=&#8221;https:\/\/www.oring.hutchinson.fr\/en\/options-produits\/cleanliness\/&#8221;][vc_column_text css=&#8221;.vc_custom_1584624235967{margin-top: -12px !important;}&#8221;]<a style=\"text-decoration: none;\" href=\"https:\/\/www.oring.hutchinson.fr\/en\/options-produits\/cleanliness\/\"><span style=\"font-family: arial, helvetica, sans-serif; font-size: 14pt; color: #475258;\">Limpeza<br \/>\n<\/span><\/a>[\/vc_column_text][\/vc_column][vc_column width=&#8221;1\/4&#8243;][vc_single_image image=&#8221;12195&#8243; img_size=&#8221;300*169&#8243; onclick=&#8221;custom_link&#8221; link=&#8221;https:\/\/www.oring.hutchinson.fr\/en\/options-produits\/micro-engraving\/&#8221;][vc_column_text css=&#8221;.vc_custom_1566999228000{margin-top: -12px !important;}&#8221;]<a style=\"text-decoration: none;\" href=\"https:\/\/www.oring.hutchinson.fr\/en\/options-produits\/micro-engraving\/\"><span style=\"font-family: arial, helvetica, sans-serif; font-size: 14pt; color: #475258;\">Micro-Engraving Service<\/span><\/a>[\/vc_column_text][\/vc_column][vc_column width=&#8221;1\/4&#8243;][vc_single_image image=&#8221;14441&#8243; img_size=&#8221;300*169&#8243; onclick=&#8221;custom_link&#8221; link=&#8221;https:\/\/www.oring.hutchinson.fr\/en\/options-produits\/10-jours-chrono\/&#8221;][vc_column_text css=&#8221;.vc_custom_1567429801338{margin-top: -12px !important;}&#8221;]<span style=\"font-family: arial, helvetica, sans-serif; font-size: 14pt; color: #475258;\"><a style=\"color: #475258; text-decoration: none;\" href=\"https:\/\/www.oring.hutchinson.fr\/pt-br\/opcoes-de-produtos\/entrega-expressa\/\">10 Dias Express<\/a><br \/>\n<\/span>[\/vc_column_text][\/vc_column][\/vc_row][vc_row full_width=&#8221;stretch_row&#8221;][vc_column][vc_empty_space][vc_column_text]<\/p>\n<h2 class=\"h2titre\" style=\"text-align: center;\"><a href=\"https:\/\/www.oring.hutchinson.fr\/pt-br\/resources\/\">Fontes<\/a><\/h2>\n<p>[\/vc_column_text][\/vc_column][\/vc_row][vc_row][vc_column width=&#8221;1\/4&#8243;][vc_single_image image=&#8221;15128&#8243; img_size=&#8221;full&#8221; onclick=&#8221;custom_link&#8221; link=&#8221;https:\/\/www.oring.hutchinson.fr\/en\/ressources\/brochures\/&#8221;][vc_column_text css=&#8221;.vc_custom_1566999228000{margin-top: -12px !important;}&#8221;]<a style=\"text-decoration: none;\" href=\"https:\/\/www.oring.hutchinson.fr\/en\/ressources\/brochures\/\"><span style=\"font-family: arial, helvetica, sans-serif; font-size: 14pt; color: #475258;\">Documenta\u00e7ao<\/span><\/a>[\/vc_column_text][\/vc_column][vc_column width=&#8221;1\/4&#8243;][vc_single_image image=&#8221;15139&#8243; img_size=&#8221;full&#8221; onclick=&#8221;custom_link&#8221; link=&#8221;https:\/\/www.oring.hutchinson.fr\/en\/ressources\/movies\/&#8221;][vc_column_text css=&#8221;.vc_custom_1566999228000{margin-top: -12px !important;}&#8221;]<a style=\"text-decoration: none;\" href=\"https:\/\/www.oring.hutchinson.fr\/en\/ressources\/movies\/\"><span style=\"font-family: arial, helvetica, sans-serif; font-size: 14pt; color: #475258;\">Filmes<\/span><\/a>[\/vc_column_text][\/vc_column][vc_column width=&#8221;1\/4&#8243;][vc_single_image image=&#8221;11858&#8243; img_size=&#8221;full&#8221; onclick=&#8221;custom_link&#8221; link=&#8221;https:\/\/www.oring.hutchinson.fr\/en\/services\/assembly-aid\/&#8221;][vc_column_text css=&#8221;.vc_custom_1566999228000{margin-top: -12px !important;}&#8221;]<a style=\"text-decoration: none;\" href=\"https:\/\/www.oring.hutchinson.fr\/pt-br\/servicos\/ajuda-a-montagem\/\"><span style=\"font-family: arial, helvetica, sans-serif; font-size: 14pt; color: #475258;\">Aux\u00edlio \u00e0 montagem <\/span><\/a>[\/vc_column_text][\/vc_column][vc_column width=&#8221;1\/4&#8243;][vc_single_image image=&#8221;15183&#8243; img_size=&#8221;full&#8221; onclick=&#8221;custom_link&#8221; link=&#8221;https:\/\/www.oring.hutchinson.fr\/en\/services\/cao_services\/&#8221;][vc_column_text css=&#8221;.vc_custom_1566999228000{margin-top: -12px !important;}&#8221;]<a style=\"text-decoration: none;\" href=\"https:\/\/www.oring.hutchinson.fr\/pt-br\/servicos\/servicos-cad\/\"><span style=\"font-family: arial, helvetica, sans-serif; font-size: 14pt; color: #475258;\">Servico CAD <\/span><\/a>[\/vc_column_text][\/vc_column][\/vc_row]<\/p>\n<\/div>","protected":false},"excerpt":{"rendered":"<p>[vc_row css=&#8221;.vc_custom_1560768105993{background-color: #ffffff !important;}&#8221;][vc_column][vc_column_text css=&#8221;.vc_custom_1583158282971{background-color: rgba(255,255,255,0.14) !important;*background-color: rgb(255,255,255) !important;border-radius: 15px !important;}&#8221;]A Divis\u00e3o O-Ring da Hutchinson, tamb\u00e9m conhecida sob as marcas Pamargan e Le Joint Fran\u00e7ais, [&hellip;]<\/p>\n","protected":false},"author":98,"featured_media":0,"parent":0,"menu_order":3,"comment_status":"closed","ping_status":"closed","template":"","meta":{"footnotes":""},"class_list":["post-89651","page","type-page","status-publish","hentry"],"yoast_head":"<!-- This site is optimized with the Yoast SEO plugin v27.3 - https:\/\/yoast.com\/product\/yoast-seo-wordpress\/ -->\n<title>Especialista em solu\u00e7\u00f5es de selagem - Hutchinson O-Rings and Bonded Seals<\/title>\n<meta name=\"description\" content=\"Hutchinson Le Joint Fran\u00e7ais, l\u00edder mundial em solu\u00e7\u00f5es de veda\u00e7\u00e3o de precis\u00e3o para a ind\u00fastria, oferece an\u00e9is O-rings, an\u00e9is BS, an\u00e9is X ou an\u00e9is quadrilobares JF4\" \/>\n<meta name=\"robots\" content=\"index, follow, max-snippet:-1, max-image-preview:large, max-video-preview:-1\" \/>\n<link rel=\"canonical\" href=\"https:\/\/www.oring.hutchinson.fr\/pt-br\/\" \/>\n<meta property=\"og:locale\" content=\"pt_BR\" \/>\n<meta property=\"og:type\" content=\"article\" \/>\n<meta property=\"og:title\" content=\"Especialista em solu\u00e7\u00f5es de selagem - Hutchinson O-Rings and Bonded Seals\" \/>\n<meta property=\"og:description\" content=\"Hutchinson Le Joint Fran\u00e7ais, l\u00edder mundial em solu\u00e7\u00f5es de veda\u00e7\u00e3o de precis\u00e3o para a ind\u00fastria, oferece an\u00e9is O-rings, an\u00e9is BS, an\u00e9is X ou an\u00e9is quadrilobares JF4\" \/>\n<meta property=\"og:url\" content=\"https:\/\/www.oring.hutchinson.fr\/pt-br\/\" \/>\n<meta property=\"og:site_name\" content=\"Hutchinson O-Rings and Bonded Seals\" \/>\n<meta property=\"article:modified_time\" content=\"2022-12-19T09:13:59+00:00\" \/>\n<meta property=\"og:image\" content=\"https:\/\/www.oring.hutchinson.fr\/wp-content\/uploads\/2019\/12\/montage-bandeau-homepage-1280-335-compressed.jpg\" \/>\n\t<meta property=\"og:image:width\" content=\"1280\" \/>\n\t<meta property=\"og:image:height\" content=\"335\" \/>\n\t<meta property=\"og:image:type\" content=\"image\/jpeg\" \/>\n<meta name=\"twitter:label1\" content=\"Est. tempo de leitura\" \/>\n\t<meta name=\"twitter:data1\" content=\"3 minutos\" \/>\n<script type=\"application\/ld+json\" class=\"yoast-schema-graph\">{\"@context\":\"https:\\\/\\\/schema.org\",\"@graph\":[{\"@type\":\"WebPage\",\"@id\":\"https:\\\/\\\/www.oring.hutchinson.fr\\\/pt-br\\\/\",\"url\":\"https:\\\/\\\/www.oring.hutchinson.fr\\\/pt-br\\\/\",\"name\":\"Especialista em solu\u00e7\u00f5es de selagem - Hutchinson O-Rings and Bonded Seals\",\"isPartOf\":{\"@id\":\"https:\\\/\\\/www.oring.hutchinson.fr\\\/#website\"},\"primaryImageOfPage\":{\"@id\":\"https:\\\/\\\/www.oring.hutchinson.fr\\\/pt-br\\\/#primaryimage\"},\"image\":{\"@id\":\"https:\\\/\\\/www.oring.hutchinson.fr\\\/pt-br\\\/#primaryimage\"},\"thumbnailUrl\":\"https:\\\/\\\/www.oring.hutchinson.fr\\\/wp-content\\\/uploads\\\/2020\\\/03\\\/food-en-svg-2.svg\",\"datePublished\":\"2022-04-06T08:32:12+00:00\",\"dateModified\":\"2022-12-19T09:13:59+00:00\",\"description\":\"Hutchinson Le Joint Fran\u00e7ais, l\u00edder mundial em solu\u00e7\u00f5es de veda\u00e7\u00e3o de precis\u00e3o para a ind\u00fastria, oferece an\u00e9is O-rings, an\u00e9is BS, an\u00e9is X ou an\u00e9is quadrilobares JF4\",\"breadcrumb\":{\"@id\":\"https:\\\/\\\/www.oring.hutchinson.fr\\\/pt-br\\\/#breadcrumb\"},\"inLanguage\":\"pt-BR\",\"potentialAction\":[{\"@type\":\"ReadAction\",\"target\":[\"https:\\\/\\\/www.oring.hutchinson.fr\\\/pt-br\\\/\"]}]},{\"@type\":\"ImageObject\",\"inLanguage\":\"pt-BR\",\"@id\":\"https:\\\/\\\/www.oring.hutchinson.fr\\\/pt-br\\\/#primaryimage\",\"url\":\"https:\\\/\\\/www.oring.hutchinson.fr\\\/wp-content\\\/uploads\\\/2020\\\/03\\\/food-en-svg-2.svg\",\"contentUrl\":\"https:\\\/\\\/www.oring.hutchinson.fr\\\/wp-content\\\/uploads\\\/2020\\\/03\\\/food-en-svg-2.svg\"},{\"@type\":\"BreadcrumbList\",\"@id\":\"https:\\\/\\\/www.oring.hutchinson.fr\\\/pt-br\\\/#breadcrumb\",\"itemListElement\":[{\"@type\":\"ListItem\",\"position\":1,\"name\":\"Home\",\"item\":\"https:\\\/\\\/www.oring.hutchinson.fr\\\/pt-br\\\/\"},{\"@type\":\"ListItem\",\"position\":2,\"name\":\"Especialista em solu\u00e7\u00f5es de selagem\"}]},{\"@type\":\"WebSite\",\"@id\":\"https:\\\/\\\/www.oring.hutchinson.fr\\\/#website\",\"url\":\"https:\\\/\\\/www.oring.hutchinson.fr\\\/\",\"name\":\"Hutchinson O-Rings and Bonded Seals\",\"description\":\"\u00c9tanch\u00e9it\u00e9 de pr\u00e9cision\",\"publisher\":{\"@id\":\"https:\\\/\\\/www.oring.hutchinson.fr\\\/#organization\"},\"potentialAction\":[{\"@type\":\"SearchAction\",\"target\":{\"@type\":\"EntryPoint\",\"urlTemplate\":\"https:\\\/\\\/www.oring.hutchinson.fr\\\/?s={search_term_string}\"},\"query-input\":{\"@type\":\"PropertyValueSpecification\",\"valueRequired\":true,\"valueName\":\"search_term_string\"}}],\"inLanguage\":\"pt-BR\"},{\"@type\":\"Organization\",\"@id\":\"https:\\\/\\\/www.oring.hutchinson.fr\\\/#organization\",\"name\":\"Hutchinson - O Ring Division\",\"url\":\"https:\\\/\\\/www.oring.hutchinson.fr\\\/\",\"logo\":{\"@type\":\"ImageObject\",\"inLanguage\":\"pt-BR\",\"@id\":\"https:\\\/\\\/www.oring.hutchinson.fr\\\/#\\\/schema\\\/logo\\\/image\\\/\",\"url\":\"https:\\\/\\\/www.oring.hutchinson.fr\\\/wp-content\\\/uploads\\\/2014\\\/12\\\/logo-hutch.jpg\",\"contentUrl\":\"https:\\\/\\\/www.oring.hutchinson.fr\\\/wp-content\\\/uploads\\\/2014\\\/12\\\/logo-hutch.jpg\",\"width\":355,\"height\":200,\"caption\":\"Hutchinson - O Ring Division\"},\"image\":{\"@id\":\"https:\\\/\\\/www.oring.hutchinson.fr\\\/#\\\/schema\\\/logo\\\/image\\\/\"}}]}<\/script>\n<!-- \/ Yoast SEO plugin. -->","yoast_head_json":{"title":"Especialista em solu\u00e7\u00f5es de selagem - Hutchinson O-Rings and Bonded Seals","description":"Hutchinson Le Joint Fran\u00e7ais, l\u00edder mundial em solu\u00e7\u00f5es de veda\u00e7\u00e3o de precis\u00e3o para a ind\u00fastria, oferece an\u00e9is O-rings, an\u00e9is BS, an\u00e9is X ou an\u00e9is quadrilobares JF4","robots":{"index":"index","follow":"follow","max-snippet":"max-snippet:-1","max-image-preview":"max-image-preview:large","max-video-preview":"max-video-preview:-1"},"canonical":"https:\/\/www.oring.hutchinson.fr\/pt-br\/","og_locale":"pt_BR","og_type":"article","og_title":"Especialista em solu\u00e7\u00f5es de selagem - Hutchinson O-Rings and Bonded Seals","og_description":"Hutchinson Le Joint Fran\u00e7ais, l\u00edder mundial em solu\u00e7\u00f5es de veda\u00e7\u00e3o de precis\u00e3o para a ind\u00fastria, oferece an\u00e9is O-rings, an\u00e9is BS, an\u00e9is X ou an\u00e9is quadrilobares JF4","og_url":"https:\/\/www.oring.hutchinson.fr\/pt-br\/","og_site_name":"Hutchinson O-Rings and Bonded Seals","article_modified_time":"2022-12-19T09:13:59+00:00","og_image":[{"width":1280,"height":335,"url":"https:\/\/www.oring.hutchinson.fr\/wp-content\/uploads\/2019\/12\/montage-bandeau-homepage-1280-335-compressed.jpg","type":"image\/jpeg"}],"twitter_misc":{"Est. tempo de leitura":"3 minutos"},"schema":{"@context":"https:\/\/schema.org","@graph":[{"@type":"WebPage","@id":"https:\/\/www.oring.hutchinson.fr\/pt-br\/","url":"https:\/\/www.oring.hutchinson.fr\/pt-br\/","name":"Especialista em solu\u00e7\u00f5es de selagem - Hutchinson O-Rings and Bonded Seals","isPartOf":{"@id":"https:\/\/www.oring.hutchinson.fr\/#website"},"primaryImageOfPage":{"@id":"https:\/\/www.oring.hutchinson.fr\/pt-br\/#primaryimage"},"image":{"@id":"https:\/\/www.oring.hutchinson.fr\/pt-br\/#primaryimage"},"thumbnailUrl":"https:\/\/www.oring.hutchinson.fr\/wp-content\/uploads\/2020\/03\/food-en-svg-2.svg","datePublished":"2022-04-06T08:32:12+00:00","dateModified":"2022-12-19T09:13:59+00:00","description":"Hutchinson Le Joint Fran\u00e7ais, l\u00edder mundial em solu\u00e7\u00f5es de veda\u00e7\u00e3o de precis\u00e3o para a ind\u00fastria, oferece an\u00e9is O-rings, an\u00e9is BS, an\u00e9is X ou an\u00e9is quadrilobares JF4","breadcrumb":{"@id":"https:\/\/www.oring.hutchinson.fr\/pt-br\/#breadcrumb"},"inLanguage":"pt-BR","potentialAction":[{"@type":"ReadAction","target":["https:\/\/www.oring.hutchinson.fr\/pt-br\/"]}]},{"@type":"ImageObject","inLanguage":"pt-BR","@id":"https:\/\/www.oring.hutchinson.fr\/pt-br\/#primaryimage","url":"https:\/\/www.oring.hutchinson.fr\/wp-content\/uploads\/2020\/03\/food-en-svg-2.svg","contentUrl":"https:\/\/www.oring.hutchinson.fr\/wp-content\/uploads\/2020\/03\/food-en-svg-2.svg"},{"@type":"BreadcrumbList","@id":"https:\/\/www.oring.hutchinson.fr\/pt-br\/#breadcrumb","itemListElement":[{"@type":"ListItem","position":1,"name":"Home","item":"https:\/\/www.oring.hutchinson.fr\/pt-br\/"},{"@type":"ListItem","position":2,"name":"Especialista em solu\u00e7\u00f5es de selagem"}]},{"@type":"WebSite","@id":"https:\/\/www.oring.hutchinson.fr\/#website","url":"https:\/\/www.oring.hutchinson.fr\/","name":"Hutchinson O-Rings and Bonded Seals","description":"\u00c9tanch\u00e9it\u00e9 de pr\u00e9cision","publisher":{"@id":"https:\/\/www.oring.hutchinson.fr\/#organization"},"potentialAction":[{"@type":"SearchAction","target":{"@type":"EntryPoint","urlTemplate":"https:\/\/www.oring.hutchinson.fr\/?s={search_term_string}"},"query-input":{"@type":"PropertyValueSpecification","valueRequired":true,"valueName":"search_term_string"}}],"inLanguage":"pt-BR"},{"@type":"Organization","@id":"https:\/\/www.oring.hutchinson.fr\/#organization","name":"Hutchinson - O Ring Division","url":"https:\/\/www.oring.hutchinson.fr\/","logo":{"@type":"ImageObject","inLanguage":"pt-BR","@id":"https:\/\/www.oring.hutchinson.fr\/#\/schema\/logo\/image\/","url":"https:\/\/www.oring.hutchinson.fr\/wp-content\/uploads\/2014\/12\/logo-hutch.jpg","contentUrl":"https:\/\/www.oring.hutchinson.fr\/wp-content\/uploads\/2014\/12\/logo-hutch.jpg","width":355,"height":200,"caption":"Hutchinson - O Ring Division"},"image":{"@id":"https:\/\/www.oring.hutchinson.fr\/#\/schema\/logo\/image\/"}}]}},"rttpg_featured_image_url":null,"rttpg_author":{"display_name":"MEDPIL-ORING","author_link":"https:\/\/www.oring.hutchinson.fr\/pt-br\/"},"rttpg_comment":0,"rttpg_category":false,"rttpg_excerpt":"[vc_row css=&#8221;.vc_custom_1560768105993{background-color: #ffffff !important;}&#8221;][vc_column][vc_column_text css=&#8221;.vc_custom_1583158282971{background-color: rgba(255,255,255,0.14) !important;*background-color: rgb(255,255,255) !important;border-radius: 15px !important;}&#8221;]A Divis\u00e3o O-Ring da Hutchinson, tamb\u00e9m conhecida sob as marcas Pamargan e Le Joint Fran\u00e7ais, [&hellip;]","_links":{"self":[{"href":"https:\/\/www.oring.hutchinson.fr\/pt-br\/wp-json\/wp\/v2\/pages\/89651","targetHints":{"allow":["GET"]}}],"collection":[{"href":"https:\/\/www.oring.hutchinson.fr\/pt-br\/wp-json\/wp\/v2\/pages"}],"about":[{"href":"https:\/\/www.oring.hutchinson.fr\/pt-br\/wp-json\/wp\/v2\/types\/page"}],"author":[{"embeddable":true,"href":"https:\/\/www.oring.hutchinson.fr\/pt-br\/wp-json\/wp\/v2\/users\/98"}],"replies":[{"embeddable":true,"href":"https:\/\/www.oring.hutchinson.fr\/pt-br\/wp-json\/wp\/v2\/comments?post=89651"}],"version-history":[{"count":12,"href":"https:\/\/www.oring.hutchinson.fr\/pt-br\/wp-json\/wp\/v2\/pages\/89651\/revisions"}],"predecessor-version":[{"id":93721,"href":"https:\/\/www.oring.hutchinson.fr\/pt-br\/wp-json\/wp\/v2\/pages\/89651\/revisions\/93721"}],"wp:attachment":[{"href":"https:\/\/www.oring.hutchinson.fr\/pt-br\/wp-json\/wp\/v2\/media?parent=89651"}],"curies":[{"name":"wp","href":"https:\/\/api.w.org\/{rel}","templated":true}]}}